{"id":667,"date":"2025-09-25T13:06:10","date_gmt":"2025-09-25T11:06:10","guid":{"rendered":"https:\/\/hz-oberegg.com\/?page_id=667"},"modified":"2025-11-25T08:19:22","modified_gmt":"2025-11-25T07:19:22","slug":"i-wurf-soul-of-old-sheperd","status":"publish","type":"page","link":"http:\/\/hz-oberegg.com\/index.php\/i-wurf-soul-of-old-sheperd\/","title":{"rendered":"I-Wurf Soul of Old Shepherd"},"content":{"rendered":"\n<p>Akina<\/p>\n\n\n\n<p>Um 4:00 Uhr morgens erkl\u00e4rte mir Akina das es Zeit wird f\u00fcr ihre Welpen.<br>Um 07:10 Uhr durfte sie ihren ersten Welpen begr\u00fcssen. Sie hat ihre eigene Art und findet geteiltes Leid ist halbes Leid. Wenn ich die Puppys schon raus pressen darf, kannst du die kleinen Wunder auspacken und abnabeln, danach \u00fcbernehme ich wieder &#8211; Hihi.<\/p>\n\n\n\n<p>Auch stellt sie meine Geduld und mein Glauben an die Natur jedes mal auf die Probe, denn sie l\u00e4sst sich sehr viel Zeit und macht gerne Pausen bis zu 3 Stunden. F\u00fcr mich heisst das, den ganzen Geburtsverlauf aufmerksam und konzentriert zu bleiben.<br>Nach 18 Stunden hat sie uns das Welpenk\u00f6rbchen mit 6 R\u00fcden und 4 H\u00fcndinnen gef\u00fcllt und alle mit einem Startgewicht von \u00fcber 500g.<\/p>\n\n\n\n<p>Nun geniessen die Welpen die W\u00e4rme und F\u00fcrsorge ihrer Mama und ihre Mama l\u00e4sst sich verdienterweise von mir verw\u00f6hnen mit Essen ans Bett usw. <\/p>\n\n\n\n<p>Wir freuen uns auf eine lebhafte und spannenden Zeit mit den j\u00fcngsten Mitgliedern des Soul of Old Shepherd.<\/p>\n\n\n\n<figure class=\"wp-block-video\"><video controls src=\"https:\/\/hz-oberegg.com\/wp-content\/uploads\/2025\/09\/WhatsApp-Video-2025-09-25-at-11.41.22.mp4\"><\/video><\/figure>\n\n\n\n<style id=\"bwg-style-0\">      #bwg_container1_0 #bwg_container2_0 .bwg_masonry_thumb_0 {        text-align: center;        display: inline-block;        vertical-align: middle;      \t          width: 100% !important;;      \t        margin: 0;        opacity: 1.00;      }\t\t\t\t\t\t      #bwg_container1_0 #bwg_container2_0 .bwg-container-0.bwg-masonry-thumbnails .bwg-item,      #bwg_container1_0 #bwg_container2_0 .bwg-container-temp0.bwg-masonry-thumbnails .bwg-item {        padding: calc(4px \/ 2);\t\t\t\t      }      #bwg_container1_0 #bwg_container2_0 .bwg-container-0.bwg-masonry-thumbnails .bwg-item0 {      \t        background-color:rgba(0,0,0, 0.30);        border: 0px none #CCCCCC;\t\t\t\topacity: 1.00;        border-radius: 0;      }      #bwg_container1_0 #bwg_container2_0 .bwg-container-0.bwg-masonry-thumbnails .bwg-item1 img {        max-height: none;\t\t\t\t        \tmax-width: calc(250px + (4px + 0px));\t\t\t\t      }\t\t\t\t\t\t\t@media only screen and (min-width: 480px) {\t\t\t\t\t#bwg_container1_0 #bwg_container2_0 .bwg-container-0.bwg-masonry-thumbnails .bwg-item1 img {\t\t\t\t\t\t-webkit-transition: -webkit-transform .3s; transition: transform .3s;\t\t\t\t\t}\t\t\t\t\t#bwg_container1_0 #bwg_container2_0 .bwg-container-0.bwg-masonry-thumbnails .bwg-item1 img:hover {\t\t\t\t\t\t-ms-transform: scale(1.08);\t\t\t\t\t\t-webkit-transform: scale(1.08);\t\t\t\t\t\ttransform: scale(1.08);\t\t\t\t\t}\t\t\t\t\t\t\t\t\t}\t\t\t\t\t\t\t\t\t#bwg_container1_0 #bwg_container2_0 .bwg-container-0.bwg-masonry-thumbnails .bwg-title2,\t\t\t#bwg_container1_0 #bwg_container2_0 .bwg-container-temp0.bwg-masonry-thumbnails .bwg-title2,\t\t\t#bwg_container1_0 #bwg_container2_0 .bwg-container-0.bwg-masonry-thumbnails .bwg-play-icon2,\t\t\t#bwg_container1_0 #bwg_container2_0 .bwg-container-0.bwg-masonry-thumbnails .bwg-ecommerce2 {\t\t\t\tmax-height: 100%;\t\t\t\tpadding: 2px;\t\t\t\tfont-family: Ubuntu;\t\t\t\tfont-weight: bold;\t\t\t\tfont-size: 16px;\t\t\t\tcolor: #323A45;\t\t\t}\t\t\t#bwg_container1_0 #bwg_container2_0 .bwg-container-0.bwg-masonry-thumbnails .bwg-ecommerce2 {\t\t\t\tcolor: #323A45;\t\t\t}\t  \t#bwg_container1_0 #bwg_container2_0 .bwg_masonry_thumbnails_0 {\t\t\t\tposition: relative;\t\t\t\tbackground-color: rgba(255, 255, 255, 0.00);\t\t\t\tfont-size: 0;\t\t\t\t\t\t\t\t\twidth: 1254px;\t\t\t\t\tmax-width: 100%;\t\t\t\t\t\t\t\t\tmax-width: 100%;\t\t\t\t\t\t\t\t\t\t\t\t\tmargin: 0 auto;\t\t\t\t\t\t\t}\t\t\t\t\t\t\t@media only screen and (max-width: 1290px) {\t\t\t\t\t#bwg_container1_0 #bwg_container2_0 .bwg_masonry_thumbnails_0 {\t\t\t\t\t\twidth: inherit;\t\t\t\t\t}\t\t\t\t}\t\t\t\t\t\t#bwg_container1_0 #bwg_container2_0 .bwg_masonry_thumb_description_0 {        color: #323A45;        line-height: 1.4;        font-size: 16px;        font-family: Ubuntu;        text-align: justify;      }      #bwg_container1_0.bwg_thumbnails_masonry .wd_error p {        color: #323A45;      }      #bwg_container1_0 #bwg_container2_0 .bwg_gal_title_0 {        background-color: rgba(0, 0, 0, 0);        color: #323A45;        display: block;        font-family: Ubuntu;        font-size: 16px;        font-weight: bold;        padding: 2px;        text-shadow: ;        text-align: center;      }      <\/style>    <div id=\"bwg_container1_0\"         class=\"bwg_container bwg_thumbnail bwg_thumbnails_masonry \"         data-right-click-protection=\"0\"         data-bwg=\"0\"         data-scroll=\"0\"         data-gallery-type=\"thumbnails_masonry\"         data-gallery-view-type=\"thumbnails_masonry\"         data-current-url=\"\/index.php\/wp-json\/wp\/v2\/pages\/667\"         data-lightbox-url=\"http:\/\/hz-oberegg.com\/wp-admin\/admin-ajax.php?action=GalleryBox&#038;current_view=0&#038;gallery_id=21&#038;tag=0&#038;theme_id=1&#038;shortcode_id=42&#038;sort_by=order&#038;order_by=asc&#038;current_url=%2Findex.php%2Fwp-json%2Fwp%2Fv2%2Fpages%2F667\"         data-gallery-id=\"21\"         data-popup-width=\"800\"         data-popup-height=\"500\"         data-is-album=\"gallery\"         data-buttons-position=\"bottom\">      <div id=\"bwg_container2_0\">             <div id=\"ajax_loading_0\" class=\"bwg_loading_div_1\">      <div class=\"bwg_loading_div_2\">        <div class=\"bwg_loading_div_3\">          <div id=\"loading_div_0\" class=\"bwg_spider_ajax_loading\">          <\/div>        <\/div>      <\/div>    <\/div>            <form id=\"gal_front_form_0\"              class=\"bwg-hidden\"              method=\"post\"              action=\"#\"              data-current=\"0\"              data-shortcode-id=\"42\"              data-gallery-type=\"thumbnails_masonry\"              data-gallery-id=\"21\"              data-tag=\"0\"              data-album-id=\"0\"              data-theme-id=\"1\"              data-ajax-url=\"http:\/\/hz-oberegg.com\/wp-admin\/admin-ajax.php?action=bwg_frontend_data\">          <div id=\"bwg_container3_0\" class=\"bwg-background bwg-background-0\">                <div id=\"bwg_thumbnails_masonry_0\"         data-bwg=\"0\"         data-masonry-type=\"vertical\"         data-resizable-thumbnails=\"1\"         data-max-count=\"5\"         data-thumbnail-width=\"250\"         data-thumbnail-height=\"250\"         data-thumbnail-padding=\"4\"         data-thumbnail-border=\"0\"         data-gallery-id=\"21\"         data-lightbox-url=\"http:\/\/hz-oberegg.com\/wp-admin\/admin-ajax.php?action=GalleryBox&#038;current_view=0&#038;gallery_id=21&#038;tag=0&#038;theme_id=1&#038;shortcode_id=42&#038;sort_by=order&#038;order_by=asc&#038;current_url=%2Findex.php%2Fwp-json%2Fwp%2Fv2%2Fpages%2F667\"         class=\"bwg-container-0 bwg_masonry_thumbnails_0 bwg-masonry-thumbnails bwg-masonry-vertical bwg-container bwg-border-box\">              <div class=\"bwg-item\">          <a class=\"bwg-a  bwg_lightbox\"  data-image-id=\"387\" href=\"http:\/\/hz-oberegg.com\/wp-content\/uploads\/photo-gallery\/WhatsApp-Image-2025-09-25-at-11.42.25-5.jpeg?bwg=1758798449\" data-elementor-open-lightbox=\"no\">            <div class=\"bwg-item0\">              <div class=\"bwg-item1 \">      \t\t\t\t\t<img class=\"skip-lazy bwg-masonry-thumb bwg_masonry_thumb_0 \"                       data-id=\"387\"                       data-src=\"http:\/\/hz-oberegg.com\/wp-content\/uploads\/photo-gallery\/thumb\/WhatsApp-Image-2025-09-25-at-11.42.25-5.jpeg?bwg=1758798449\"                       data-width=\"281.00\"                       data-height=\"500.00\"\t\t\t\t\t\t\t\t\t\t   src=\"http:\/\/hz-oberegg.com\/wp-content\/uploads\/photo-gallery\/thumb\/WhatsApp-Image-2025-09-25-at-11.42.25-5.jpeg?bwg=1758798449\"\t\t\t\t\t\t\t\t\t\t   alt=\"WhatsApp-Image-2025-09-25-at-11.42.25-5\"\t\t\t\t\t\t\t\t\t\t   title=\"WhatsApp-Image-2025-09-25-at-11.42.25-5\" \/>                <div class=\"\">                  \t\t\t\t                                            <\/div>              <\/div>            <\/div>                      <\/a>                  <\/div>              <div class=\"bwg-item\">          <a class=\"bwg-a  bwg_lightbox\"  data-image-id=\"388\" href=\"http:\/\/hz-oberegg.com\/wp-content\/uploads\/photo-gallery\/WhatsApp-Image-2025-09-25-at-11.42.25-4.jpeg?bwg=1758798449\" data-elementor-open-lightbox=\"no\">            <div class=\"bwg-item0\">              <div class=\"bwg-item1 \">      \t\t\t\t\t<img class=\"skip-lazy bwg-masonry-thumb bwg_masonry_thumb_0 \"                       data-id=\"388\"                       data-src=\"http:\/\/hz-oberegg.com\/wp-content\/uploads\/photo-gallery\/thumb\/WhatsApp-Image-2025-09-25-at-11.42.25-4.jpeg?bwg=1758798449\"                       data-width=\"500.00\"                       data-height=\"375.00\"\t\t\t\t\t\t\t\t\t\t   src=\"http:\/\/hz-oberegg.com\/wp-content\/uploads\/photo-gallery\/thumb\/WhatsApp-Image-2025-09-25-at-11.42.25-4.jpeg?bwg=1758798449\"\t\t\t\t\t\t\t\t\t\t   alt=\"WhatsApp-Image-2025-09-25-at-11.42.25-4\"\t\t\t\t\t\t\t\t\t\t   title=\"WhatsApp-Image-2025-09-25-at-11.42.25-4\" \/>                <div class=\"\">                  \t\t\t\t                                            <\/div>              <\/div>            <\/div>                      <\/a>                  <\/div>              <div class=\"bwg-item\">          <a class=\"bwg-a  bwg_lightbox\"  data-image-id=\"389\" href=\"http:\/\/hz-oberegg.com\/wp-content\/uploads\/photo-gallery\/WhatsApp-Image-2025-09-25-at-11.42.25-1.jpeg?bwg=1758798449\" data-elementor-open-lightbox=\"no\">            <div class=\"bwg-item0\">              <div class=\"bwg-item1 \">      \t\t\t\t\t<img class=\"skip-lazy bwg-masonry-thumb bwg_masonry_thumb_0 \"                       data-id=\"389\"                       data-src=\"http:\/\/hz-oberegg.com\/wp-content\/uploads\/photo-gallery\/thumb\/WhatsApp-Image-2025-09-25-at-11.42.25-1.jpeg?bwg=1758798449\"                       data-width=\"375.00\"                       data-height=\"500.00\"\t\t\t\t\t\t\t\t\t\t   src=\"http:\/\/hz-oberegg.com\/wp-content\/uploads\/photo-gallery\/thumb\/WhatsApp-Image-2025-09-25-at-11.42.25-1.jpeg?bwg=1758798449\"\t\t\t\t\t\t\t\t\t\t   alt=\"WhatsApp-Image-2025-09-25-at-11.42.25-1\"\t\t\t\t\t\t\t\t\t\t   title=\"WhatsApp-Image-2025-09-25-at-11.42.25-1\" \/>                <div class=\"\">                  \t\t\t\t                                            <\/div>              <\/div>            <\/div>                      <\/a>                  <\/div>              <div class=\"bwg-item\">          <a class=\"bwg-a  bwg_lightbox\"  data-image-id=\"390\" href=\"http:\/\/hz-oberegg.com\/wp-content\/uploads\/photo-gallery\/WhatsApp-Image-2025-09-25-at-11.42.25-2.jpeg?bwg=1758798449\" data-elementor-open-lightbox=\"no\">            <div class=\"bwg-item0\">              <div class=\"bwg-item1 \">      \t\t\t\t\t<img class=\"skip-lazy bwg-masonry-thumb bwg_masonry_thumb_0 \"                       data-id=\"390\"                       data-src=\"http:\/\/hz-oberegg.com\/wp-content\/uploads\/photo-gallery\/thumb\/WhatsApp-Image-2025-09-25-at-11.42.25-2.jpeg?bwg=1758798449\"                       data-width=\"375.00\"                       data-height=\"500.00\"\t\t\t\t\t\t\t\t\t\t   src=\"http:\/\/hz-oberegg.com\/wp-content\/uploads\/photo-gallery\/thumb\/WhatsApp-Image-2025-09-25-at-11.42.25-2.jpeg?bwg=1758798449\"\t\t\t\t\t\t\t\t\t\t   alt=\"WhatsApp-Image-2025-09-25-at-11.42.25-2\"\t\t\t\t\t\t\t\t\t\t   title=\"WhatsApp-Image-2025-09-25-at-11.42.25-2\" \/>                <div class=\"\">                  \t\t\t\t                                            <\/div>              <\/div>            <\/div>                      <\/a>                  <\/div>              <div class=\"bwg-item\">          <a class=\"bwg-a  bwg_lightbox\"  data-image-id=\"391\" href=\"http:\/\/hz-oberegg.com\/wp-content\/uploads\/photo-gallery\/WhatsApp-Image-2025-09-25-at-11.42.25.jpeg?bwg=1758798449\" data-elementor-open-lightbox=\"no\">            <div class=\"bwg-item0\">              <div class=\"bwg-item1 \">      \t\t\t\t\t<img class=\"skip-lazy bwg-masonry-thumb bwg_masonry_thumb_0 \"                       data-id=\"391\"                       data-src=\"http:\/\/hz-oberegg.com\/wp-content\/uploads\/photo-gallery\/thumb\/WhatsApp-Image-2025-09-25-at-11.42.25.jpeg?bwg=1758798449\"                       data-width=\"375.00\"                       data-height=\"500.00\"\t\t\t\t\t\t\t\t\t\t   src=\"http:\/\/hz-oberegg.com\/wp-content\/uploads\/photo-gallery\/thumb\/WhatsApp-Image-2025-09-25-at-11.42.25.jpeg?bwg=1758798449\"\t\t\t\t\t\t\t\t\t\t   alt=\"WhatsApp-Image-2025-09-25-at-11.42.25\"\t\t\t\t\t\t\t\t\t\t   title=\"WhatsApp-Image-2025-09-25-at-11.42.25\" \/>                <div class=\"\">                  \t\t\t\t                                            <\/div>              <\/div>            <\/div>                      <\/a>                  <\/div>              <div class=\"bwg-item\">          <a class=\"bwg-a  bwg_lightbox\"  data-image-id=\"392\" href=\"http:\/\/hz-oberegg.com\/wp-content\/uploads\/photo-gallery\/WhatsApp-Image-2025-09-25-at-11.42.25-3.jpeg?bwg=1758798449\" data-elementor-open-lightbox=\"no\">            <div class=\"bwg-item0\">              <div class=\"bwg-item1 \">      \t\t\t\t\t<img class=\"skip-lazy bwg-masonry-thumb bwg_masonry_thumb_0 \"                       data-id=\"392\"                       data-src=\"http:\/\/hz-oberegg.com\/wp-content\/uploads\/photo-gallery\/thumb\/WhatsApp-Image-2025-09-25-at-11.42.25-3.jpeg?bwg=1758798449\"                       data-width=\"375.00\"                       data-height=\"500.00\"\t\t\t\t\t\t\t\t\t\t   src=\"http:\/\/hz-oberegg.com\/wp-content\/uploads\/photo-gallery\/thumb\/WhatsApp-Image-2025-09-25-at-11.42.25-3.jpeg?bwg=1758798449\"\t\t\t\t\t\t\t\t\t\t   alt=\"WhatsApp-Image-2025-09-25-at-11.42.25-3\"\t\t\t\t\t\t\t\t\t\t   title=\"WhatsApp-Image-2025-09-25-at-11.42.25-3\" \/>                <div class=\"\">                  \t\t\t\t                                            <\/div>              <\/div>            <\/div>                      <\/a>                  <\/div>          <\/div>    <style>      \/*pagination styles*\/      #bwg_container1_0 #bwg_container2_0 .tablenav-pages_0 {\t\t\t\ttext-align: center;\t\t\t\tfont-size: 12px;\t\t\t\tfont-family: Ubuntu;\t\t\t\tfont-weight: bold;\t\t\t\tcolor: #666666;\t\t\t\tmargin: 6px 0 4px;\t\t\t\tdisplay: block;      }      @media only screen and (max-width : 320px) {      #bwg_container1_0 #bwg_container2_0 .displaying-num_0 {     \t display: none;      }      }      #bwg_container1_0 #bwg_container2_0 .displaying-num_0 {\t\t\t\tfont-size: 12px;\t\t\t\tfont-family: Ubuntu;\t\t\t\tfont-weight: bold;\t\t\t\tcolor: #666666;\t\t\t\tmargin-right: 10px;\t\t\t\tvertical-align: middle;      }      #bwg_container1_0 #bwg_container2_0 .paging-input_0 {\t\t\t\tfont-size: 12px;\t\t\t\tfont-family: Ubuntu;\t\t\t\tfont-weight: bold;\t\t\t\tcolor: #666666;\t\t\t\tvertical-align: middle;      }      #bwg_container1_0 #bwg_container2_0 .tablenav-pages_0 a.disabled,      #bwg_container1_0 #bwg_container2_0 .tablenav-pages_0 a.disabled:hover,      #bwg_container1_0 #bwg_container2_0 .tablenav-pages_0 a.disabled:focus,\t\t\t#bwg_container1_0 #bwg_container2_0 .tablenav-pages_0 input.bwg_current_page {\t\t\t\tcursor: default;\t\t\t\tcolor: rgba(102, 102, 102, 0.5);      }      #bwg_container1_0 #bwg_container2_0 .tablenav-pages_0 a,      #bwg_container1_0 #bwg_container2_0 .tablenav-pages_0 input.bwg_current_page {\t\t\t\tcursor: pointer;\t\t\t\ttext-align: center;\t\t\t\tfont-size: 12px;\t\t\t\tfont-family: Ubuntu;\t\t\t\tfont-weight: bold;\t\t\t\tcolor: #666666;\t\t\t\ttext-decoration: none;\t\t\t\tpadding: 3px 6px;\t\t\t\tmargin: 0;\t\t\t\tborder-radius: 0;\t\t\t\tborder-style: solid;\t\t\t\tborder-width: 1px;\t\t\t\tborder-color: #E3E3E3;\t\t\t\t\t\t\t\tbackground-color: rgba(255, 255, 255, 1.00);\t\t\t\tbox-shadow: 0;\t\t\t\ttransition: all 0.3s ease 0s;-webkit-transition: all 0.3s ease 0s;      }      <\/style>      <span class=\"bwg_nav_cont_0\">              <div class=\"tablenav-pages_0\">                  <\/div>                <input type=\"hidden\" id=\"page_number_0\" name=\"page_number_0\" value=\"1\" \/>      <script type=\"text\/javascript\">        if( jQuery('.bwg_nav_cont_0').length > 1 ) {          jQuery('.bwg_nav_cont_0').first().remove()        }        function spider_page_0(cur, x, y, load_more) {          if (typeof load_more == \"undefined\") {            var load_more = false;          }          if (jQuery(cur).hasClass('disabled')) {            return false;          }          var items_county_0 = 1;          switch (y) {            case 1:              if (x >= items_county_0) {                document.getElementById('page_number_0').value = items_county_0;              }              else {                document.getElementById('page_number_0').value = x + 1;              }              break;            case 2:              document.getElementById('page_number_0').value = items_county_0;              break;            case -1:              if (x == 1) {                document.getElementById('page_number_0').value = 1;              }              else {                document.getElementById('page_number_0').value = x - 1;              }              break;            case -2:              document.getElementById('page_number_0').value = 1;              break;\t\t\t\t\t\tcase 0:              document.getElementById('page_number_0').value = x;              break;            default:              document.getElementById('page_number_0').value = 1;          }          bwg_ajax('gal_front_form_0', '0', 'bwg_thumbnails_masonry_0', '0', '', 'gallery', 0, '', '', load_more, '', 1);        }                    jQuery('.first-page-0').on('click', function () {              spider_page_0(this, 1, -2, 'numeric');              return false;            });            jQuery('.prev-page-0').on('click', function () {              spider_page_0(this, 1, -1, 'numeric');              return false;            });            jQuery('.next-page-0').on('click', function () {              spider_page_0(this, 1, 1, 'numeric');              return false;            });            jQuery('.last-page-0').on('click', function () {              spider_page_0(this, 1, 2, 'numeric');              return false;            });        \t\t\t\t\/* Change page on input enter. *\/        function bwg_change_page_0( e, that ) {          if (  e.key == 'Enter' ) {            var to_page = parseInt(jQuery(that).val());            var pages_count = jQuery(that).parents(\".pagination-links\").data(\"pages-count\");            var current_url_param = jQuery(that).attr('data-url-info');            if (to_page > pages_count) {              to_page = 1;            }\t \t\t\t\t\t\t\t\t\t\t\t\tspider_page_0(this, to_page, 0, 'numeric');\t\t\t\t\t\t\treturn false;\t\t\t\t\t\t          }          return true;        }        jQuery('.bwg_load_btn_0').on('click', function () {            spider_page_0(this, 1, 1, true);            return false;        });      <\/script>      <\/span>                <\/div>        <\/form>        <style>          #bwg_container1_0 #bwg_container2_0 #spider_popup_overlay_0 {          background-color: #EEEEEE;          opacity: 0.60;          }          <\/style>        <div id=\"bwg_spider_popup_loading_0\" class=\"bwg_spider_popup_loading\"><\/div>        <div id=\"spider_popup_overlay_0\" class=\"spider_popup_overlay\" onclick=\"spider_destroypopup(1000)\"><\/div>        <input type=\"hidden\" id=\"bwg_random_seed_0\" value=\"242812518\">                <\/div>    <\/div>    <script>      if (document.readyState === 'complete') {        if( typeof bwg_main_ready == 'function' ) {          if ( jQuery(\"#bwg_container1_0\").height() ) {            bwg_main_ready(jQuery(\"#bwg_container1_0\"));          }        }      } else {        document.addEventListener('DOMContentLoaded', function() {          if( typeof bwg_main_ready == 'function' ) {            if ( jQuery(\"#bwg_container1_0\").height() ) {             bwg_main_ready(jQuery(\"#bwg_container1_0\"));            }          }        });      }    <\/script>    \n","protected":false},"excerpt":{"rendered":"<p>Akina Um 4:00 Uhr morgens erkl\u00e4rte mir Akina das es Zeit wird f\u00fcr ihre Welpen.Um 07:10 Uhr durfte sie ihren ersten Welpen begr\u00fcssen. Sie hat ihre eigene Art und findet geteiltes Leid ist halbes Leid. Wenn ich die Puppys schon raus pressen darf, kannst du die kleinen Wunder auspacken und abnabeln, danach \u00fcbernehme ich wieder &hellip; <\/p>\n<p class=\"link-more\"><a href=\"http:\/\/hz-oberegg.com\/index.php\/i-wurf-soul-of-old-sheperd\/\" class=\"more-link\"><span class=\"screen-reader-text\">\u201eI-Wurf Soul of Old Shepherd\u201c <\/span>weiterlesen<\/a><\/p>\n","protected":false},"author":1,"featured_media":0,"parent":0,"menu_order":0,"comment_status":"closed","ping_status":"closed","template":"","meta":{"two_page_speed":[]},"_links":{"self":[{"href":"http:\/\/hz-oberegg.com\/index.php\/wp-json\/wp\/v2\/pages\/667"}],"collection":[{"href":"http:\/\/hz-oberegg.com\/index.php\/wp-json\/wp\/v2\/pages"}],"about":[{"href":"http:\/\/hz-oberegg.com\/index.php\/wp-json\/wp\/v2\/types\/page"}],"author":[{"embeddable":true,"href":"http:\/\/hz-oberegg.com\/index.php\/wp-json\/wp\/v2\/users\/1"}],"replies":[{"embeddable":true,"href":"http:\/\/hz-oberegg.com\/index.php\/wp-json\/wp\/v2\/comments?post=667"}],"version-history":[{"count":3,"href":"http:\/\/hz-oberegg.com\/index.php\/wp-json\/wp\/v2\/pages\/667\/revisions"}],"predecessor-version":[{"id":694,"href":"http:\/\/hz-oberegg.com\/index.php\/wp-json\/wp\/v2\/pages\/667\/revisions\/694"}],"wp:attachment":[{"href":"http:\/\/hz-oberegg.com\/index.php\/wp-json\/wp\/v2\/media?parent=667"}],"curies":[{"name":"wp","href":"https:\/\/api.w.org\/{rel}","templated":true}]}}