{"id":353,"date":"2023-07-28T12:03:26","date_gmt":"2023-07-28T10:03:26","guid":{"rendered":"https:\/\/hz-oberegg.com\/?page_id=353"},"modified":"2023-07-28T12:03:26","modified_gmt":"2023-07-28T10:03:26","slug":"wurfplanung-fruehjahr-2024","status":"publish","type":"page","link":"http:\/\/hz-oberegg.com\/index.php\/wurfplanung-fruehjahr-2024\/","title":{"rendered":"Wurfplanung Fr\u00fchjahr 2024"},"content":{"rendered":"\n<p id=\"block-fa01371b-93e5-4d74-923b-dc4e1819661d\"><br>Im Fr\u00fchling 2024 planen wir den ersten Wurf mit unserer H\u00fcndin Akina Soul of old Sheperd.<\/p>\n\n\n\n<p id=\"block-2b544a7f-7798-4866-a05e-8904956dfd54\">Bei Interesse an einem Welpen aus dieser H\u00fcndin kontaktieren Sie uns gerne:<\/p>\n\n\n\n<p id=\"block-27a7d898-b2d2-44d4-bddf-1f525e651048\"><strong>Telefon<\/strong><br>+41 79 506 85 25<\/p>\n\n\n\n<p id=\"block-f09a8caf-e8ea-46af-bbb8-d18ab55654b8\"><strong>Email<\/strong><br><a href=\"mailto:nefjennifer2@gmail.com\">nefjennifer2@gmail.com<\/a><\/p>\n\n\n\n<figure class=\"wp-block-image size-large\"><img loading=\"lazy\" width=\"829\" height=\"1024\" src=\"http:\/\/hz-oberegg.com\/wp-content\/uploads\/2023\/02\/WhatsApp-Image-2023-01-29-at-02.09.51-4-829x1024.jpeg\" alt=\"\" class=\"wp-image-280\" srcset=\"http:\/\/hz-oberegg.com\/wp-content\/uploads\/2023\/02\/WhatsApp-Image-2023-01-29-at-02.09.51-4-829x1024.jpeg 829w, http:\/\/hz-oberegg.com\/wp-content\/uploads\/2023\/02\/WhatsApp-Image-2023-01-29-at-02.09.51-4-243x300.jpeg 243w, http:\/\/hz-oberegg.com\/wp-content\/uploads\/2023\/02\/WhatsApp-Image-2023-01-29-at-02.09.51-4-768x949.jpeg 768w, http:\/\/hz-oberegg.com\/wp-content\/uploads\/2023\/02\/WhatsApp-Image-2023-01-29-at-02.09.51-4-1243x1536.jpeg 1243w, http:\/\/hz-oberegg.com\/wp-content\/uploads\/2023\/02\/WhatsApp-Image-2023-01-29-at-02.09.51-4.jpeg 1295w\" sizes=\"(max-width: 767px) 89vw, (max-width: 1000px) 54vw, (max-width: 1071px) 543px, 580px\" \/><\/figure>\n","protected":false},"excerpt":{"rendered":"<p>Im Fr\u00fchling 2024 planen wir den ersten Wurf mit unserer H\u00fcndin Akina Soul of old Sheperd. Bei Interesse an einem Welpen aus dieser H\u00fcndin kontaktieren Sie uns gerne: Telefon+41 79 506 85 25 Emailnefjennifer2@gmail.com<\/p>\n","protected":false},"author":1,"featured_media":0,"parent":0,"menu_order":0,"comment_status":"closed","ping_status":"closed","template":"","meta":{"two_page_speed":[]},"_links":{"self":[{"href":"http:\/\/hz-oberegg.com\/index.php\/wp-json\/wp\/v2\/pages\/353"}],"collection":[{"href":"http:\/\/hz-oberegg.com\/index.php\/wp-json\/wp\/v2\/pages"}],"about":[{"href":"http:\/\/hz-oberegg.com\/index.php\/wp-json\/wp\/v2\/types\/page"}],"author":[{"embeddable":true,"href":"http:\/\/hz-oberegg.com\/index.php\/wp-json\/wp\/v2\/users\/1"}],"replies":[{"embeddable":true,"href":"http:\/\/hz-oberegg.com\/index.php\/wp-json\/wp\/v2\/comments?post=353"}],"version-history":[{"count":1,"href":"http:\/\/hz-oberegg.com\/index.php\/wp-json\/wp\/v2\/pages\/353\/revisions"}],"predecessor-version":[{"id":354,"href":"http:\/\/hz-oberegg.com\/index.php\/wp-json\/wp\/v2\/pages\/353\/revisions\/354"}],"wp:attachment":[{"href":"http:\/\/hz-oberegg.com\/index.php\/wp-json\/wp\/v2\/media?parent=353"}],"curies":[{"name":"wp","href":"https:\/\/api.w.org\/{rel}","templated":true}]}}