{"id":104,"date":"2022-01-13T18:30:25","date_gmt":"2022-01-13T17:30:25","guid":{"rendered":"http:\/\/hz-oberegg.com\/?page_id=104"},"modified":"2024-02-19T10:33:34","modified_gmt":"2024-02-19T09:33:34","slug":"zucht","status":"publish","type":"page","link":"http:\/\/hz-oberegg.com\/index.php\/zucht\/","title":{"rendered":"Zucht"},"content":{"rendered":"\n<p>Hier erfahren Sie alles rund um unsere Zuchtst\u00e4tte.<\/p>\n\n\n\n<p><strong>Unsere Zuchth\u00fcndin:<\/strong><\/p>\n\n\n\n<p>Hope Spirit of Tala<\/p>\n\n\n\n<p>Zuchtzulassung:<\/p>\n\n\n\n<figure class=\"wp-block-image size-large\"><img loading=\"lazy\" width=\"753\" height=\"1024\" src=\"https:\/\/hz-oberegg.com\/wp-content\/uploads\/2022\/03\/f308fbec-2ca4-4e89-b683-2640b634319a-753x1024.jpg\" alt=\"\" class=\"wp-image-149\" srcset=\"http:\/\/hz-oberegg.com\/wp-content\/uploads\/2022\/03\/f308fbec-2ca4-4e89-b683-2640b634319a-753x1024.jpg 753w, http:\/\/hz-oberegg.com\/wp-content\/uploads\/2022\/03\/f308fbec-2ca4-4e89-b683-2640b634319a-221x300.jpg 221w, http:\/\/hz-oberegg.com\/wp-content\/uploads\/2022\/03\/f308fbec-2ca4-4e89-b683-2640b634319a-768x1044.jpg 768w, http:\/\/hz-oberegg.com\/wp-content\/uploads\/2022\/03\/f308fbec-2ca4-4e89-b683-2640b634319a-1130x1536.jpg 1130w, http:\/\/hz-oberegg.com\/wp-content\/uploads\/2022\/03\/f308fbec-2ca4-4e89-b683-2640b634319a.jpg 1506w\" sizes=\"(max-width: 706px) 89vw, (max-width: 767px) 82vw, 740px\" \/><\/figure>\n\n\n\n<p>Zuchtnamen-Schutz:<\/p>\n\n\n\n<figure class=\"wp-block-image size-large\"><img loading=\"lazy\" width=\"743\" height=\"1024\" src=\"https:\/\/hz-oberegg.com\/wp-content\/uploads\/2022\/03\/WhatsApp-Image-2022-03-07-at-10.12.26-743x1024.jpeg\" alt=\"\" class=\"wp-image-151\" srcset=\"http:\/\/hz-oberegg.com\/wp-content\/uploads\/2022\/03\/WhatsApp-Image-2022-03-07-at-10.12.26-743x1024.jpeg 743w, http:\/\/hz-oberegg.com\/wp-content\/uploads\/2022\/03\/WhatsApp-Image-2022-03-07-at-10.12.26-218x300.jpeg 218w, http:\/\/hz-oberegg.com\/wp-content\/uploads\/2022\/03\/WhatsApp-Image-2022-03-07-at-10.12.26-768x1058.jpeg 768w, http:\/\/hz-oberegg.com\/wp-content\/uploads\/2022\/03\/WhatsApp-Image-2022-03-07-at-10.12.26-1115x1536.jpeg 1115w, http:\/\/hz-oberegg.com\/wp-content\/uploads\/2022\/03\/WhatsApp-Image-2022-03-07-at-10.12.26.jpeg 1486w\" sizes=\"(max-width: 706px) 89vw, (max-width: 767px) 82vw, 740px\" \/><\/figure>\n\n\n\n<h2>G\u00fctesiegel<\/h2>\n\n\n\n<figure class=\"wp-block-image size-large\"><img loading=\"lazy\" width=\"1024\" height=\"1024\" src=\"http:\/\/hz-oberegg.com\/wp-content\/uploads\/2024\/02\/WhatsApp-Image-2024-02-18-at-10.36.26-1024x1024.jpeg\" alt=\"\" class=\"wp-image-473\" srcset=\"http:\/\/hz-oberegg.com\/wp-content\/uploads\/2024\/02\/WhatsApp-Image-2024-02-18-at-10.36.26-1024x1024.jpeg 1024w, http:\/\/hz-oberegg.com\/wp-content\/uploads\/2024\/02\/WhatsApp-Image-2024-02-18-at-10.36.26-300x300.jpeg 300w, http:\/\/hz-oberegg.com\/wp-content\/uploads\/2024\/02\/WhatsApp-Image-2024-02-18-at-10.36.26-150x150.jpeg 150w, http:\/\/hz-oberegg.com\/wp-content\/uploads\/2024\/02\/WhatsApp-Image-2024-02-18-at-10.36.26-768x768.jpeg 768w, http:\/\/hz-oberegg.com\/wp-content\/uploads\/2024\/02\/WhatsApp-Image-2024-02-18-at-10.36.26-100x100.jpeg 100w, http:\/\/hz-oberegg.com\/wp-content\/uploads\/2024\/02\/WhatsApp-Image-2024-02-18-at-10.36.26-600x600.jpeg 600w, http:\/\/hz-oberegg.com\/wp-content\/uploads\/2024\/02\/WhatsApp-Image-2024-02-18-at-10.36.26.jpeg 1274w\" sizes=\"(max-width: 767px) 89vw, (max-width: 1000px) 54vw, (max-width: 1071px) 543px, 580px\" \/><\/figure>\n","protected":false},"excerpt":{"rendered":"<p>Hier erfahren Sie alles rund um unsere Zuchtst\u00e4tte. Unsere Zuchth\u00fcndin: Hope Spirit of Tala Zuchtzulassung: Zuchtnamen-Schutz: G\u00fctesiegel<\/p>\n","protected":false},"author":1,"featured_media":0,"parent":0,"menu_order":0,"comment_status":"closed","ping_status":"closed","template":"","meta":{"two_page_speed":[]},"_links":{"self":[{"href":"http:\/\/hz-oberegg.com\/index.php\/wp-json\/wp\/v2\/pages\/104"}],"collection":[{"href":"http:\/\/hz-oberegg.com\/index.php\/wp-json\/wp\/v2\/pages"}],"about":[{"href":"http:\/\/hz-oberegg.com\/index.php\/wp-json\/wp\/v2\/types\/page"}],"author":[{"embeddable":true,"href":"http:\/\/hz-oberegg.com\/index.php\/wp-json\/wp\/v2\/users\/1"}],"replies":[{"embeddable":true,"href":"http:\/\/hz-oberegg.com\/index.php\/wp-json\/wp\/v2\/comments?post=104"}],"version-history":[{"count":7,"href":"http:\/\/hz-oberegg.com\/index.php\/wp-json\/wp\/v2\/pages\/104\/revisions"}],"predecessor-version":[{"id":474,"href":"http:\/\/hz-oberegg.com\/index.php\/wp-json\/wp\/v2\/pages\/104\/revisions\/474"}],"wp:attachment":[{"href":"http:\/\/hz-oberegg.com\/index.php\/wp-json\/wp\/v2\/media?parent=104"}],"curies":[{"name":"wp","href":"https:\/\/api.w.org\/{rel}","templated":true}]}}